{"id":3506,"date":"2022-08-18T08:34:10","date_gmt":"2022-08-18T08:34:10","guid":{"rendered":"https:\/\/acm4.ro\/?page_id=3506"},"modified":"2024-10-02T12:37:20","modified_gmt":"2024-10-02T09:37:20","slug":"cariere","status":"publish","type":"page","link":"https:\/\/acm4.ro\/en\/cariere\/","title":{"rendered":"Career"},"content":{"rendered":"<div class=\"brz-root__container brz-reset-all brz\">\n<section id=\"_pfvfaosedaxhovynofmidrrdwmcrkodlrnbv\" class=\"brz-section brz-css-rkH83 brz-css-mi6qn\">\n<div class=\"brz-section__content brz-section--boxed brz-css-yVizC brz-css-yVGFt\" data-brz-custom-id=\"sizshrotsniobglxhikvgpntugqsmxpspvny\">\n<div class=\"brz-bg\">\n<div class=\"brz-bg-image\"><\/div>\n<div class=\"brz-bg-color\"><\/div>\n<\/div>\n<div class=\"brz-container brz-css-bUdds\">\n<div id=\"\" class=\"brz-css-lFzIH brz-css-jzf0H brz-wrapper\">\n<div class=\"brz-rich-text brz-rich-text__custom brz-css-fY78Y\" data-brz-custom-id=\"seojlxixodjivfmomuxhmvykbvqxkcgoxahk\">\n<div data-brz-translate-text=\"1\">\n<h2 class=\"brz-text-lg-center brz-tp-lg-heading2 brz-css-leurU\" data-generated-css=\"brz-css-ypzth\" data-uniq-id=\"uyftb\"><span class=\"brz-cp-color8\">Career<\/span><\/h2>\n<\/div>\n<\/div>\n<\/div>\n<\/div>\n<\/div>\n<\/section>\n<section id=\"_lzqlojstmowkogvkvgfetmqnddgqxrrcqnxf\" class=\"brz-section brz-css-rkH83\">\n<div class=\"brz-section__content brz-section--boxed brz-css-yVizC brz-css-k_PFO\" data-brz-custom-id=\"bfypvfjvtqeqiueifdmzjgutjzhiacehklqh\">\n<div class=\"brz-container brz-css-bUdds\">\n<div id=\"\" class=\"brz-css-lFzIH brz-wrapper\">\n<div class=\"brz-line brz-line-default brz-css-ukAbS brz-css-zQUuj\" data-brz-custom-id=\"aaegmtwldxswxfachpddtgqfrmgvgtbuvgzw\">\n<hr class=\"brz-hr\"><\/div>\n<\/div>\n<div id=\"\" class=\"brz-css-lFzIH brz-css-nO1SZ brz-wrapper\">\n<div class=\"brz-spacer brz-css-ye2Ii brz-css-fW8WQ\"><\/div>\n<\/div>\n<div class=\"brz-row__container brz-css-yS0NL\" data-brz-custom-id=\"pbgarpsrlarcypfteucezgaccupzchybaxtc\">\n<div class=\"brz-bg\"><\/div>\n<div class=\"brz-row brz-css-bgqNy brz-css-hdhoz\">\n<div class=\"brz-columns brz-css-tPgZg\" data-brz-custom-id=\"jlpokxvhadikcbjzmgdmwjgahbfucbcqqsrx\">\n<div class=\"brz-bg\"><\/div>\n<div class=\"brz-column__items brz-css-cmvxc\">\n<div id=\"\" class=\"brz-css-lFzIH brz-wrapper\">\n<div class=\"brz-image brz-css-nuCwT\" data-brz-custom-id=\"uxdsclgtayutclrnpoebyptnzoujjsrawegm\"><img decoding=\"async\" class=\"brz-img\" src=\"https:\/\/acm4.ro\/wp-content\/uploads\/brizy\/imgs\/GettyImages-637903906-740x416x93x0x555x416x1679861275.jpg\" alt=\"\" loading=\"lazy\"><\/div>\n<\/div>\n<\/div>\n<\/div>\n<div class=\"brz-columns brz-css-tPgZg brz-css-amyiL\" data-brz-custom-id=\"albndwcanomuuhclnyncwwovhpvhsrfapahx\">\n<div class=\"brz-bg\"><\/div>\n<div class=\"brz-column__items brz-css-cmvxc\">\n<div id=\"\" class=\"brz-css-lFzIH brz-wrapper\">\n<div class=\"brz-rich-text brz-rich-text__custom brz-css-fY78Y\" data-brz-custom-id=\"unlzvwpephnbcvhrqyatytjfwmvuiddvniym\">\n<div data-brz-translate-text=\"1\">\n<p class=\"brz-tp-lg-paragraph brz-css-pNz8C\" data-generated-css=\"brz-css-zepdr\" data-uniq-id=\"ycmlf\"><span style=\"color: black\" class=\"brz-cp-color7\">ACM4 este una din companiile rom\u00e2ne\u0219ti cu tradi\u021bie care a adus un plus de valoare in domeniul construc\u021biilor. <\/span><\/p>\n<p class=\"brz-tp-lg-paragraph brz-css-m7jBC\" data-generated-css=\"brz-css-zepdr\" data-uniq-id=\"ycmlf\"><span style=\"color: black\" class=\"brz-cp-color7\"> <\/span><\/p>\n<p class=\"brz-tp-lg-paragraph brz-css-gWFc5\" data-generated-css=\"brz-css-vnwdp\" data-uniq-id=\"tumup\"><span style=\"color: black\" class=\"brz-cp-color7\">E\u0219ti \u00een c\u0103utare de un mediu de lucru atr\u0103g\u0103tor \u0219i dinamic, care \u00ee\u021bi ofer\u0103 totodat\u0103 perspective pentru o carier\u0103 sigur\u0103, un loc de munc\u0103 adaptat nevoilor tale? Un loc de munc\u0103 unde s\u0103 nu conteze doar cuno\u0219tin\u021bele \u0219i competen\u021bele tale, ci cu care s\u0103 te po\u021bi identifica personal ?<\/span><\/p>\n<p class=\"brz-tp-lg-paragraph brz-css-uNbl9\" data-generated-css=\"brz-css-vnwdp\" data-uniq-id=\"tumup\"><span style=\"color: black\" class=\"brz-cp-color7\"> <\/span><\/p>\n<p class=\"brz-tp-lg-paragraph brz-css-sjabN\" data-generated-css=\"brz-css-zslop\" data-uniq-id=\"mtcjj\"><span style=\"color: black\" class=\"brz-cp-color7\">Aplic\u0103 \u0219i tu pentru unul dintre posturile de mai jos, dup\u0103 evaluarea CV-ului te vom contacta pentru detalii \u0219i stabilirea unui interviu.<\/span><\/p>\n<p class=\"brz-tp-lg-paragraph brz-css-r7yoT\" data-generated-css=\"brz-css-zslop\" data-uniq-id=\"mtcjj\"><\/p>\n<p class=\"brz-tp-lg-paragraph brz-css-vDvm0\" data-generated-css=\"brz-css-rollk\" data-uniq-id=\"mkrfo\"><span style=\"color: black\" class=\"brz-cp-color7\">Al\u0103tur\u0103-te echipei noastre , s\u0103 construim \u00eempreun\u0103 pentru viitor<\/span><\/p>\n<\/div>\n<\/div>\n<\/div>\n<\/div>\n<\/div>\n<\/div>\n<\/div>\n<\/div>\n<\/div>\n<\/section>\n<section id=\"aplica\" class=\"brz-section brz-css-rkH83\">\n<div class=\"brz-section__content brz-section--boxed brz-css-yVizC brz-css-v2Izq\" data-brz-custom-id=\"eiftnmqgomrwteaqmbvikpirgpxhyirltkuz\">\n<div class=\"brz-container brz-css-bUdds\">\n<div class=\"brz-row__container brz-css-yS0NL\" data-brz-custom-id=\"loceuiuviteoigkedjqtjzrrdjangxefxtjy\">\n<div class=\"brz-bg\"><\/div>\n<div class=\"brz-row brz-css-bgqNy\">\n<div class=\"brz-columns brz-css-tPgZg brz-css-lHi8N\" data-brz-custom-id=\"pgpnzsyhbrwsycpyxwegwquirueznljwffna\">\n<div class=\"brz-bg\"><\/div>\n<div class=\"brz-column__items brz-css-cmvxc\">\n<div id=\"\" class=\"brz-css-lFzIH brz-wrapper\">\n<div data-brz-form-version=\"2\" class=\"brz-forms2 brz-css-eIr_H\" data-brz-custom-id=\"bmyziljzchbeosigwhstssucuzwukzpwmhfs\">\n<div data-brz-translate-text=\"1\" class=\"brz-forms2__item brz-css-mTAfG brz-css-x87eW brz-css-dvD5q brz-css-lrUib\"><\/div>\n<div data-brz-translate-text=\"1\" class=\"brz-forms2__item brz-css-mTAfG brz-css-x87eW brz-css-dvD5q brz-css-nUQmZ\"><\/div>\n<div data-brz-translate-text=\"1\" class=\"brz-forms2__item brz-css-mTAfG brz-css-x87eW brz-css-dvD5q brz-css-dZZ_z\"><\/div>\n<div data-brz-translate-text=\"1\" class=\"brz-forms2__item brz-css-mTAfG brz-css-x87eW brz-css-dvD5q\">\n<div class=\"brz-forms2__field brz-forms2__field-select brz-css-cnpY0 brz-css-av2vR\">Pozi\u021bia pentru care aplica\u021biInginer devizierSef santierProject managerAgent imobiliat \/ Consultant imobiliar<\/div>\n<\/div>\n<div data-brz-translate-text=\"1\" class=\"brz-forms2__item brz-css-mTAfG brz-css-x87eW brz-css-dvD5q\">\n<div class=\"brz-input__upload brz-input brz-forms2__field brz-forms2__field-fileUpload\"><label for=\"cG3Fc9pOR8SX_\" class=\"brz-label\"><span class=\"brz-span\">CV<\/span><span class=\"brz-button\">Adaug\u0103 Fi\u0219ier<\/span><\/label><\/div>\n<\/div>\n<div data-brz-translate-text=\"1\" class=\"brz-forms2__item brz-css-mTAfG brz-css-x87eW brz-css-dvD5q brz-css-i8y43\"><textarea id=\"uBYTLbBh2VjK_\" name=\"ucropymfdbynrlksbxwxqvzhseknrgvkhsnc\" data-brz-type=\"Paragraph\" data-brz-label=\"Alte observa\u021bii\" data-brz-placeholder=\"Alte observa\u021bii\" class=\"brz-textarea brz-forms2__field brz-forms2__field-paragraph\"><\/textarea><\/div>\n<div class=\"brz-forms2 brz-forms2__item brz-forms2__item-button\" data-brz-custom-id=\"bmyziljzchbeosigwhstssucuzwukzpwmhfs\"><button class=\"brz-btn brz-btn-submit brz-css-aS5ar brz-css-pXmAB\" data-brz-custom-id=\"uxfvnfhogjsylsxljnkzyqpzguyxjerqsirs\"><span data-brz-translate-text=\"1\" class=\"brz-span brz-text__editor\">APLIC\u0102<\/span><\/button><\/div>\n<div class=\"brz-g-recaptcha\" data-sitekey=\"6Lf8wEcqAAAAAAFeVsPsBtDVxt5MES7oD_EHOOJS\" data-size=\"invisible\" data-callback=\"brzFormV2Captcha\"><\/div>\n<\/div>\n<\/div>\n<\/div>\n<\/div>\n<\/div>\n<\/div>\n<\/div>\n<\/div>\n<\/section>\n<\/div>\n<p>    <!-- version:1727861840 --><\/p>","protected":false},"excerpt":{"rendered":"<p>Cariere ACM4 este una din companiile rom\u00e2ne\u0219ti cu tradi\u021bie care a adus un plus de valoare in domeniul construc\u021biilor. E\u0219ti \u00een c\u0103utare de un mediu de lucru atr\u0103g\u0103tor \u0219i dinamic, care \u00ee\u021bi ofer\u0103 totodat\u0103 perspective pentru o carier\u0103 sigur\u0103, un loc de munc\u0103 adaptat nevoilor tale? Un loc de munc\u0103 unde s\u0103 nu conteze doar [&hellip;]<\/p>","protected":false},"author":2,"featured_media":0,"parent":0,"menu_order":0,"comment_status":"closed","ping_status":"closed","template":"brizy-blank-template.php","meta":{"footnotes":""},"class_list":["post-3506","page","type-page","status-publish","hentry","wpbf-post"],"yoast_head":"<!-- This site is optimized with the Yoast SEO plugin v23.8 - https:\/\/yoast.com\/wordpress\/plugins\/seo\/ -->\n<title>Cariere - ACM4<\/title>\n<meta name=\"robots\" content=\"index, follow, max-snippet:-1, max-image-preview:large, max-video-preview:-1\" \/>\n<link rel=\"canonical\" href=\"https:\/\/acm4.ro\/en\/cariere\/\" \/>\n<meta property=\"og:locale\" content=\"en_US\" \/>\n<meta property=\"og:type\" content=\"article\" \/>\n<meta property=\"og:title\" content=\"Cariere - ACM4\" \/>\n<meta property=\"og:description\" content=\"Cariere ACM4 este una din companiile rom\u00e2ne\u0219ti cu tradi\u021bie care a adus un plus de valoare in domeniul construc\u021biilor. E\u0219ti \u00een c\u0103utare de un mediu de lucru atr\u0103g\u0103tor \u0219i dinamic, care \u00ee\u021bi ofer\u0103 totodat\u0103 perspective pentru o carier\u0103 sigur\u0103, un loc de munc\u0103 adaptat nevoilor tale? Un loc de munc\u0103 unde s\u0103 nu conteze doar [&hellip;]\" \/>\n<meta property=\"og:url\" content=\"https:\/\/acm4.ro\/en\/cariere\/\" \/>\n<meta property=\"og:site_name\" content=\"ACM4\" \/>\n<meta property=\"article:modified_time\" content=\"2024-10-02T09:37:20+00:00\" \/>\n<meta property=\"og:image\" content=\"https:\/\/acm4.ro\/wp-content\/uploads\/brizy\/imgs\/GettyImages-637903906-740x416x93x0x555x416x1679861275.jpg\" \/>\n<meta name=\"twitter:card\" content=\"summary_large_image\" \/>\n<meta name=\"twitter:label1\" content=\"Est. reading time\" \/>\n\t<meta name=\"twitter:data1\" content=\"2 minutes\" \/>\n<script type=\"application\/ld+json\" class=\"yoast-schema-graph\">{\"@context\":\"https:\/\/schema.org\",\"@graph\":[{\"@type\":\"WebPage\",\"@id\":\"https:\/\/acm4.ro\/cariere\/\",\"url\":\"https:\/\/acm4.ro\/cariere\/\",\"name\":\"Cariere - ACM4\",\"isPartOf\":{\"@id\":\"https:\/\/acm4.ro\/#website\"},\"primaryImageOfPage\":{\"@id\":\"https:\/\/acm4.ro\/cariere\/#primaryimage\"},\"image\":{\"@id\":\"https:\/\/acm4.ro\/cariere\/#primaryimage\"},\"thumbnailUrl\":\"https:\/\/acm4.ro\/wp-content\/uploads\/brizy\/imgs\/GettyImages-637903906-740x416x93x0x555x416x1679861275.jpg\",\"datePublished\":\"2022-08-18T08:34:10+00:00\",\"dateModified\":\"2024-10-02T09:37:20+00:00\",\"breadcrumb\":{\"@id\":\"https:\/\/acm4.ro\/cariere\/#breadcrumb\"},\"inLanguage\":\"en-US\",\"potentialAction\":[{\"@type\":\"ReadAction\",\"target\":[\"https:\/\/acm4.ro\/cariere\/\"]}]},{\"@type\":\"ImageObject\",\"inLanguage\":\"en-US\",\"@id\":\"https:\/\/acm4.ro\/cariere\/#primaryimage\",\"url\":\"https:\/\/acm4.ro\/wp-content\/uploads\/brizy\/imgs\/GettyImages-637903906-740x416x93x0x555x416x1679861275.jpg\",\"contentUrl\":\"https:\/\/acm4.ro\/wp-content\/uploads\/brizy\/imgs\/GettyImages-637903906-740x416x93x0x555x416x1679861275.jpg\"},{\"@type\":\"BreadcrumbList\",\"@id\":\"https:\/\/acm4.ro\/cariere\/#breadcrumb\",\"itemListElement\":[{\"@type\":\"ListItem\",\"position\":1,\"name\":\"Home\",\"item\":\"https:\/\/acm4.ro\/\"},{\"@type\":\"ListItem\",\"position\":2,\"name\":\"Cariere\"}]},{\"@type\":\"WebSite\",\"@id\":\"https:\/\/acm4.ro\/#website\",\"url\":\"https:\/\/acm4.ro\/\",\"name\":\"ACM4\",\"description\":\"\",\"publisher\":{\"@id\":\"https:\/\/acm4.ro\/#organization\"},\"potentialAction\":[{\"@type\":\"SearchAction\",\"target\":{\"@type\":\"EntryPoint\",\"urlTemplate\":\"https:\/\/acm4.ro\/?s={search_term_string}\"},\"query-input\":{\"@type\":\"PropertyValueSpecification\",\"valueRequired\":true,\"valueName\":\"search_term_string\"}}],\"inLanguage\":\"en-US\"},{\"@type\":\"Organization\",\"@id\":\"https:\/\/acm4.ro\/#organization\",\"name\":\"SC Antrepriza Construc\u021bii Montaj Nr. 4\",\"url\":\"https:\/\/acm4.ro\/\",\"logo\":{\"@type\":\"ImageObject\",\"inLanguage\":\"en-US\",\"@id\":\"https:\/\/acm4.ro\/#\/schema\/logo\/image\/\",\"url\":\"https:\/\/acm4.ro\/wp-content\/uploads\/2022\/07\/acm4-logo-nou.png\",\"contentUrl\":\"https:\/\/acm4.ro\/wp-content\/uploads\/2022\/07\/acm4-logo-nou.png\",\"width\":1240,\"height\":404,\"caption\":\"SC Antrepriza Construc\u021bii Montaj Nr. 4\"},\"image\":{\"@id\":\"https:\/\/acm4.ro\/#\/schema\/logo\/image\/\"}}]}<\/script>\n<!-- \/ Yoast SEO plugin. -->","yoast_head_json":{"title":"Cariere - ACM4","robots":{"index":"index","follow":"follow","max-snippet":"max-snippet:-1","max-image-preview":"max-image-preview:large","max-video-preview":"max-video-preview:-1"},"canonical":"https:\/\/acm4.ro\/en\/cariere\/","og_locale":"en_US","og_type":"article","og_title":"Cariere - ACM4","og_description":"Cariere ACM4 este una din companiile rom\u00e2ne\u0219ti cu tradi\u021bie care a adus un plus de valoare in domeniul construc\u021biilor. E\u0219ti \u00een c\u0103utare de un mediu de lucru atr\u0103g\u0103tor \u0219i dinamic, care \u00ee\u021bi ofer\u0103 totodat\u0103 perspective pentru o carier\u0103 sigur\u0103, un loc de munc\u0103 adaptat nevoilor tale? Un loc de munc\u0103 unde s\u0103 nu conteze doar [&hellip;]","og_url":"https:\/\/acm4.ro\/en\/cariere\/","og_site_name":"ACM4","article_modified_time":"2024-10-02T09:37:20+00:00","og_image":[{"url":"https:\/\/acm4.ro\/wp-content\/uploads\/brizy\/imgs\/GettyImages-637903906-740x416x93x0x555x416x1679861275.jpg"}],"twitter_card":"summary_large_image","twitter_misc":{"Est. reading time":"2 minutes"},"schema":{"@context":"https:\/\/schema.org","@graph":[{"@type":"WebPage","@id":"https:\/\/acm4.ro\/cariere\/","url":"https:\/\/acm4.ro\/cariere\/","name":"Cariere - ACM4","isPartOf":{"@id":"https:\/\/acm4.ro\/#website"},"primaryImageOfPage":{"@id":"https:\/\/acm4.ro\/cariere\/#primaryimage"},"image":{"@id":"https:\/\/acm4.ro\/cariere\/#primaryimage"},"thumbnailUrl":"https:\/\/acm4.ro\/wp-content\/uploads\/brizy\/imgs\/GettyImages-637903906-740x416x93x0x555x416x1679861275.jpg","datePublished":"2022-08-18T08:34:10+00:00","dateModified":"2024-10-02T09:37:20+00:00","breadcrumb":{"@id":"https:\/\/acm4.ro\/cariere\/#breadcrumb"},"inLanguage":"en-US","potentialAction":[{"@type":"ReadAction","target":["https:\/\/acm4.ro\/cariere\/"]}]},{"@type":"ImageObject","inLanguage":"en-US","@id":"https:\/\/acm4.ro\/cariere\/#primaryimage","url":"https:\/\/acm4.ro\/wp-content\/uploads\/brizy\/imgs\/GettyImages-637903906-740x416x93x0x555x416x1679861275.jpg","contentUrl":"https:\/\/acm4.ro\/wp-content\/uploads\/brizy\/imgs\/GettyImages-637903906-740x416x93x0x555x416x1679861275.jpg"},{"@type":"BreadcrumbList","@id":"https:\/\/acm4.ro\/cariere\/#breadcrumb","itemListElement":[{"@type":"ListItem","position":1,"name":"Home","item":"https:\/\/acm4.ro\/"},{"@type":"ListItem","position":2,"name":"Cariere"}]},{"@type":"WebSite","@id":"https:\/\/acm4.ro\/#website","url":"https:\/\/acm4.ro\/","name":"ACM4","description":"","publisher":{"@id":"https:\/\/acm4.ro\/#organization"},"potentialAction":[{"@type":"SearchAction","target":{"@type":"EntryPoint","urlTemplate":"https:\/\/acm4.ro\/?s={search_term_string}"},"query-input":{"@type":"PropertyValueSpecification","valueRequired":true,"valueName":"search_term_string"}}],"inLanguage":"en-US"},{"@type":"Organization","@id":"https:\/\/acm4.ro\/#organization","name":"SC Antrepriza Construc\u021bii Montaj Nr. 4","url":"https:\/\/acm4.ro\/","logo":{"@type":"ImageObject","inLanguage":"en-US","@id":"https:\/\/acm4.ro\/#\/schema\/logo\/image\/","url":"https:\/\/acm4.ro\/wp-content\/uploads\/2022\/07\/acm4-logo-nou.png","contentUrl":"https:\/\/acm4.ro\/wp-content\/uploads\/2022\/07\/acm4-logo-nou.png","width":1240,"height":404,"caption":"SC Antrepriza Construc\u021bii Montaj Nr. 4"},"image":{"@id":"https:\/\/acm4.ro\/#\/schema\/logo\/image\/"}}]}},"_links":{"self":[{"href":"https:\/\/acm4.ro\/en\/wp-json\/wp\/v2\/pages\/3506","targetHints":{"allow":["GET"]}}],"collection":[{"href":"https:\/\/acm4.ro\/en\/wp-json\/wp\/v2\/pages"}],"about":[{"href":"https:\/\/acm4.ro\/en\/wp-json\/wp\/v2\/types\/page"}],"author":[{"embeddable":true,"href":"https:\/\/acm4.ro\/en\/wp-json\/wp\/v2\/users\/2"}],"replies":[{"embeddable":true,"href":"https:\/\/acm4.ro\/en\/wp-json\/wp\/v2\/comments?post=3506"}],"version-history":[{"count":30,"href":"https:\/\/acm4.ro\/en\/wp-json\/wp\/v2\/pages\/3506\/revisions"}],"predecessor-version":[{"id":10461,"href":"https:\/\/acm4.ro\/en\/wp-json\/wp\/v2\/pages\/3506\/revisions\/10461"}],"wp:attachment":[{"href":"https:\/\/acm4.ro\/en\/wp-json\/wp\/v2\/media?parent=3506"}],"curies":[{"name":"wp","href":"https:\/\/api.w.org\/{rel}","templated":true}]}}