{"id":5991,"date":"2023-03-29T09:08:17","date_gmt":"2023-03-29T09:08:17","guid":{"rendered":"https:\/\/acm4.ro\/?page_id=5991"},"modified":"2024-10-02T12:23:05","modified_gmt":"2024-10-02T09:23:05","slug":"proiecte-in-derulare","status":"publish","type":"page","link":"https:\/\/acm4.ro\/en\/dezvoltari-imobiliare\/proiecte-in-derulare\/","title":{"rendered":"Proiecte \u00een derulare"},"content":{"rendered":"<div class=\"brz-root__container brz-reset-all brz\">\n<section id=\"_bsvpftiddpomlkgjjcoocnweaxmdsoanhnnt\" class=\"brz-section brz-css-o0gH6 brz-css-ds_DW\">\n<div class=\"brz-section__content brz-section--boxed brz-css-alcwC brz-css-f6wTB\" data-brz-custom-id=\"ywdnnyykdpihlmjyxzpqtjacjbkrwzocjoja\">\n<div class=\"brz-bg\">\n<div class=\"brz-bg-image\"><\/div>\n<div class=\"brz-bg-color\"><\/div>\n<\/div>\n<div class=\"brz-container brz-css-y26Yd\">\n<div id=\"\" class=\"brz-css-oCm7g brz-css-tg0Zr brz-wrapper\">\n<div class=\"brz-rich-text brz-rich-text__custom brz-css-njcQ8\" data-brz-custom-id=\"fbjntiakjjkrddrnrmdfryxdrodvrlhnaegz\">\n<div data-brz-translate-text=\"1\">\n<h2 class=\"brz-text-lg-center brz-tp-lg-heading2 brz-css-ggYaC\" data-uniq-id=\"pmvor\" data-generated-css=\"brz-css-skdyf\"><span class=\"brz-cp-color8\">Proiecte \u00een derulare<\/span><\/h2>\n<\/div>\n<\/div>\n<\/div>\n<div id=\"\" class=\"brz-css-oCm7g brz-css-mJ5Pw brz-wrapper\">\n<div class=\"brz-rich-text brz-rich-text__custom brz-css-njcQ8\" data-brz-custom-id=\"gzftzyjnamzbmcpwfqnvufjqgzdcaeerigzi\">\n<div data-brz-translate-text=\"1\">\n<p class=\"brz-text-lg-center brz-tp-lg-subtitle brz-css-qj5bO\" data-uniq-id=\"kidoe\" data-generated-css=\"brz-css-hpqde\"><strong class=\"brz-cp-color5\">Home<\/strong><strong class=\"brz-cp-color8\"> \/ Servicii \/ Dezvolt\u0103ri Imobiliare \/ Proiecte \u00een derulare<\/strong><\/p>\n<\/div>\n<\/div>\n<\/div>\n<\/div>\n<\/div>\n<\/section>\n<section id=\"_ccjrefqhixwfisyewljhrxhdkaxqorixdzzm\" class=\"brz-section brz-css-o0gH6\">\n<div class=\"brz-section__content brz-section--boxed brz-css-alcwC brz-css-cqojY\" data-brz-custom-id=\"wjpkdqvgkmyiozldzvtfaitzjieiwdsdnfiw\">\n<div class=\"brz-bg\">\n<div class=\"brz-bg-color\"><\/div>\n<\/div>\n<div class=\"brz-container brz-css-y26Yd\">\n<div class=\"brz-row__container brz-css-dE5lt\" data-brz-custom-id=\"hpieppgxsyyherttwenzkfwikczkxmyngdhp\">\n<div class=\"brz-bg\"><\/div>\n<div class=\"brz-row brz-css-tSkX5 brz-css-xslaB\">\n<div class=\"brz-columns brz-css-tiRYX brz-css-d4e7Y\" data-brz-custom-id=\"mhodabslmcvxgizodpzqewboqrtxszwngxue\">\n<div class=\"brz-bg\"><\/div>\n<div class=\"brz-column__items brz-css-nozmK brz-css-smfgn\">\n<div id=\"\" class=\"brz-css-oCm7g brz-wrapper\">\n<div class=\"brz-rich-text brz-rich-text__custom brz-css-njcQ8\" data-brz-custom-id=\"qopozzopacqmrcwxhwecnqrgfsrdcygoveds\">\n<div data-brz-translate-text=\"1\">\n<h2 class=\"brz-text-xs-center brz-tp-lg-heading2 brz-css-wnnJh\" data-uniq-id=\"sfjqb\" data-generated-css=\"brz-css-ulxto\"><strong>Didesti<\/strong><\/h2>\n<\/div>\n<\/div>\n<\/div>\n<\/div>\n<\/div>\n<div class=\"brz-columns brz-css-tiRYX brz-css-sThnG\" data-brz-custom-id=\"omjscydkuxcehgoisacgtqhfplstwhfzdjje\">\n<div class=\"brz-bg\"><\/div>\n<div class=\"brz-column__items brz-css-nozmK brz-css-aSUjc\">\n<div id=\"\" class=\"brz-css-oCm7g brz-wrapper\">\n<div class=\"brz-rich-text brz-rich-text__custom brz-css-njcQ8\" data-brz-custom-id=\"oigyzljrfaabbvqephpdggbzikmsovpofdzd\">\n<div data-brz-translate-text=\"1\">\n<p class=\"brz-text-xs-center brz-text-lg-right brz-tp-lg-abovetitle brz-css-d7wR5\" data-uniq-id=\"kfofv\" data-generated-css=\"brz-css-lyucw\"><span>\u00cen curs de dezvoltare<\/span><\/p>\n<\/div>\n<\/div>\n<\/div>\n<\/div>\n<\/div>\n<\/div>\n<\/div>\n<div class=\"brz-row__container brz-css-dE5lt\" data-brz-custom-id=\"hduodznirzedcltpwwubthzwahgjajeolsjd\">\n<div class=\"brz-bg\"><\/div>\n<div class=\"brz-row brz-css-tSkX5 brz-css-xslaB\">\n<div class=\"brz-columns brz-css-tiRYX brz-css-t2IoF\" data-brz-custom-id=\"fvuzrthbizggzwkjofuwwkbgxhgoufammmwa\">\n<div class=\"brz-bg\"><\/div>\n<div class=\"brz-column__items brz-css-nozmK brz-css-b59ig\">\n<div id=\"\" class=\"brz-css-oCm7g brz-wrapper\">\n<div class=\"brz-image brz-css-iLEl2 brz-css-w8Suq\" data-brz-custom-id=\"ahctdbrrklwxjttijkevnqntwrdtqimvssrs\"><img decoding=\"async\" class=\"brz-img\" src=\"https:\/\/acm4.ro\/wp-content\/uploads\/brizy\/imgs\/WhatsApp-Image-2023-03-07-at-10.06.48-380x506x0x77x380x351x1680079820.jpeg\" alt=\"\" loading=\"lazy\"><\/div>\n<\/div>\n<\/div>\n<\/div>\n<div class=\"brz-columns brz-css-tiRYX brz-css-dQsau\" data-brz-custom-id=\"fnaqlnnoqmlzwiwjqfqvxyobogsfobbmvuxr\">\n<div class=\"brz-column__items brz-css-nozmK brz-css-kiKTQ\">\n<div id=\"\" class=\"brz-css-oCm7g brz-wrapper\">\n<div class=\"brz-image brz-css-bNaqs brz-css-qczDz\" data-brz-custom-id=\"jbctnxgogyoubhligftrsclvluwjxgwpmddx\"><img decoding=\"async\" class=\"brz-img\" src=\"https:\/\/acm4.ro\/wp-content\/uploads\/brizy\/imgs\/Sala-de-sport-Didesti-2-731x480x0x64x731x353x1680079709.png\" alt=\"\" loading=\"lazy\"><\/div>\n<\/div>\n<\/div>\n<\/div>\n<\/div>\n<\/div>\n<div class=\"brz-row__container brz-css-dE5lt\" data-brz-custom-id=\"cnkeoulpgvnlvahzrouukpvdgszzpjibwsgv\">\n<div class=\"brz-bg\"><\/div>\n<div class=\"brz-row brz-css-tSkX5 brz-css-xslaB\">\n<div class=\"brz-columns brz-css-tiRYX brz-css-rf7hw\" data-brz-custom-id=\"mynjpzyfypytpqdrobxzhnwpqivxloqrfuag\">\n<div class=\"brz-column__items brz-css-nozmK brz-css-ngrZX\">\n<div id=\"\" class=\"brz-css-oCm7g brz-wrapper\">\n<div class=\"brz-image brz-css-dvJhT brz-css-qXuro\" data-brz-custom-id=\"qnxxonpfqzsmjiwedzewjrdyoybwdbsqrqiy\"><img decoding=\"async\" class=\"brz-img\" src=\"https:\/\/acm4.ro\/wp-content\/uploads\/brizy\/imgs\/Sala-de-sport-Didesti-731x511x0x94x731x323x1680079771.png\" alt=\"\" loading=\"lazy\"><\/div>\n<\/div>\n<\/div>\n<\/div>\n<div class=\"brz-columns brz-css-tiRYX brz-css-m6JeE\" data-brz-custom-id=\"jftqxqmmxfoqhsdgkkvjxhzgaenetgtafebe\">\n<div class=\"brz-column__items brz-css-nozmK brz-css-mxzf9\">\n<div id=\"\" class=\"brz-css-oCm7g brz-wrapper\">\n<div class=\"brz-image brz-css-soXy8 brz-css-cF8a1\" data-brz-custom-id=\"acdzfbepudystlxumnslpctahoyeszlajeze\"><img decoding=\"async\" class=\"brz-img\" src=\"https:\/\/acm4.ro\/wp-content\/uploads\/brizy\/imgs\/Didesti-Image-2023-02-23-at-11.29.19-579x325x100x0x380x325x1680079855.jpeg\" alt=\"\" loading=\"lazy\"><\/div>\n<\/div>\n<\/div>\n<\/div>\n<\/div>\n<\/div>\n<\/div>\n<\/div>\n<\/section>\n<section id=\"_rxweqgtmymyjfrumxxkunipucwgxhxzhsnwg\" class=\"brz-section brz-css-o0gH6\">\n<div class=\"brz-section__content brz-section--boxed brz-css-alcwC brz-css-tA0re\" data-brz-custom-id=\"ersytaeujdqjgireuugeecqrsfexebtrveam\">\n<div class=\"brz-container brz-css-y26Yd\">\n<div class=\"brz-row__container brz-css-dE5lt\" data-brz-custom-id=\"ztboponwkzbbqrmgpjxrpenxpujeymtyrlcu\">\n<div class=\"brz-bg\"><\/div>\n<div class=\"brz-row brz-css-tSkX5 brz-css-xslaB\">\n<div class=\"brz-columns brz-css-tiRYX brz-css-y0owB\" data-brz-custom-id=\"luorhjzcigdbvanovzdhhsvqlwnnybszdfcs\">\n<div class=\"brz-bg\"><\/div>\n<div class=\"brz-column__items brz-css-nozmK brz-css-urvmX\">\n<div id=\"\" class=\"brz-css-oCm7g brz-css-wGlIU brz-wrapper\">\n<div class=\"brz-image brz-css-m0Kat brz-css-qbZEd\" data-brz-custom-id=\"yepvkukmbpfipgbenyuvjcjsmuvghrrvtjib\"><img decoding=\"async\" class=\"brz-img\" src=\"https:\/\/acm4.ro\/wp-content\/uploads\/brizy\/imgs\/didesti3-580x724x110x0x360x724x1687329757.jpeg\" alt=\"\" loading=\"lazy\"><\/div>\n<\/div>\n<\/div>\n<\/div>\n<div class=\"brz-columns brz-css-tiRYX brz-css-auQn8\" data-brz-custom-id=\"cxugxnzaawdorunewihtgddxthtgbzxqxorj\">\n<div class=\"brz-bg\"><\/div>\n<div class=\"brz-column__items brz-css-nozmK\">\n<div id=\"\" class=\"brz-css-oCm7g brz-css-oQu0W brz-wrapper\">\n<div class=\"brz-image brz-css-vwotT brz-css-zzfoO\" data-brz-custom-id=\"dgyjihumfhvlidpcuphssvgdqerfpbulzijs\"><img decoding=\"async\" class=\"brz-img\" src=\"https:\/\/acm4.ro\/wp-content\/uploads\/brizy\/imgs\/didesti2-750x564x0x101x750x362x1687329755.jpeg\" alt=\"\" loading=\"lazy\"><\/div>\n<\/div>\n<div id=\"\" class=\"brz-css-oCm7g brz-css-lsPCz brz-css-lEhcF brz-wrapper\">\n<div class=\"brz-spacer brz-css-hKbgn brz-css-yZX5F\"><\/div>\n<\/div>\n<div class=\"brz-row__container brz-css-dE5lt\" data-brz-custom-id=\"vspytaisuhacpyedjvqjiagyrwuudcxjtjil\">\n<div class=\"brz-bg\"><\/div>\n<div class=\"brz-row brz-row--inner brz-css-tSkX5 brz-css-xslaB\">\n<div class=\"brz-columns brz-css-tiRYX\" data-brz-custom-id=\"olftnlkqglyyiuihapwyzcketsgiglvzxyhw\">\n<div class=\"brz-bg\"><\/div>\n<div class=\"brz-column__items brz-css-nozmK brz-css-wa3x3\">\n<div id=\"\" class=\"brz-css-oCm7g brz-css-sGUsQ brz-wrapper\">\n<div class=\"brz-image brz-css-k1_bS brz-css-t_A5z\" data-brz-custom-id=\"kmoklufwpccqeoesuanknnrlchywnfxsynaw\"><img decoding=\"async\" class=\"brz-img\" src=\"https:\/\/acm4.ro\/wp-content\/uploads\/brizy\/imgs\/didesti1-360x448x0x58x360x332x1687329753.jpeg\" alt=\"\" loading=\"lazy\"><\/div>\n<\/div>\n<\/div>\n<\/div>\n<div class=\"brz-columns brz-css-tiRYX\" data-brz-custom-id=\"aokbkxkzfpkdjaqrdasdccudeyslmnviqaby\">\n<div class=\"brz-bg\"><\/div>\n<div class=\"brz-column__items brz-css-nozmK brz-css-xb62G\">\n<div id=\"\" class=\"brz-css-oCm7g brz-css-t11WJ brz-wrapper\">\n<div class=\"brz-image brz-css-pCPel brz-css-slcNX\" data-brz-custom-id=\"muljjjlyfatlqavsrfzzpsjundvwxckzpjvf\"><img decoding=\"async\" class=\"brz-img\" src=\"https:\/\/acm4.ro\/wp-content\/uploads\/brizy\/imgs\/Didesti-2023-04-04-at-12.37.27-2-444x332x42x0x360x332x1680814147.jpeg\" alt=\"\" loading=\"lazy\"><\/div>\n<\/div>\n<\/div>\n<\/div>\n<\/div>\n<\/div>\n<\/div>\n<\/div>\n<\/div>\n<\/div>\n<\/div>\n<\/div>\n<\/section>\n<section id=\"_bwktqtzhbvwbwshztienbdejxqubneiyatab\" class=\"brz-section brz-css-o0gH6 brz-css-xwKAc\">\n<div class=\"brz-section__content brz-section--boxed brz-css-alcwC brz-css-j6fDG\" data-brz-custom-id=\"shsnxxxmlvsixkllkbllefczkblaxrdmdlex\">\n<div class=\"brz-bg\">\n<div class=\"brz-bg-image\"><\/div>\n<div class=\"brz-bg-color\"><\/div>\n<\/div>\n<div class=\"brz-container brz-css-y26Yd\">\n<div class=\"brz-wrapper-clone brz-css-jIYWV\">\n<div class=\"brz-d-xs-flex brz-flex-xs-wrap brz-css-hjIub\" data-brz-custom-id=\"\">\n<div class=\"brz-wrapper-clone__item\" id=\"qvopdtllyxbvqjtuhiwymiojtvcthinehqfy\"><a class=\"brz-a brz-btn brz-css-t_qkI brz-css-v17m_\" href=\"\/en\/contact\/#formular\" target=\"_self\" rel=\"noopener\" data-brz-link-type=\"external\" data-brz-custom-id=\"qvopdtllyxbvqjtuhiwymiojtvcthinehqfy\"><span data-brz-translate-text=\"1\" class=\"brz-span brz-text__editor\">REQUEST A QUOTE<\/span><\/a><\/div>\n<\/div>\n<\/div>\n<\/div>\n<\/div>\n<\/section>\n<section id=\"_tszjpooenzodhmbisdalgusobdlbejtczkvz\" class=\"brz-section brz-css-o0gH6\">\n<div class=\"brz-section__content brz-section--boxed brz-css-alcwC brz-css-kJtzB\" data-brz-custom-id=\"yrpovoepaosihpcifjnfyimeqmedzbiaktwq\">\n<div class=\"brz-container brz-css-y26Yd\">\n<div class=\"brz-row__container brz-css-dE5lt\" data-brz-custom-id=\"uugezesrnsgidcsuupfwsjifbrcwngcyzwdk\">\n<div class=\"brz-bg\"><\/div>\n<div class=\"brz-row brz-css-tSkX5 brz-css-xslaB\">\n<div class=\"brz-columns brz-css-tiRYX brz-css-aTWzd\" data-brz-custom-id=\"aytopjpeaqknxsnnueykdixwoweqenyrrmqj\">\n<div class=\"brz-bg\"><\/div>\n<div class=\"brz-column__items brz-css-nozmK brz-css-dCm_3\">\n<div id=\"\" class=\"brz-css-oCm7g brz-wrapper\">\n<div class=\"brz-rich-text brz-rich-text__custom brz-css-njcQ8\" data-brz-custom-id=\"cwghpwhjoxmvhpptkaasaynzwcvpxwfezxwp\">\n<div data-brz-translate-text=\"1\">\n<h2 class=\"brz-text-xs-center brz-tp-lg-heading2 brz-css-zcdzS\" data-uniq-id=\"zaggs\" data-generated-css=\"brz-css-rqyef\"><strong>Lauder<\/strong><\/h2>\n<\/div>\n<\/div>\n<\/div>\n<\/div>\n<\/div>\n<div class=\"brz-columns brz-css-tiRYX brz-css-rwB_K\" data-brz-custom-id=\"uaqnqnrqouebnshsxnjweafzibqvutobujnz\">\n<div class=\"brz-bg\"><\/div>\n<div class=\"brz-column__items brz-css-nozmK brz-css-v4qdx\">\n<div id=\"\" class=\"brz-css-oCm7g brz-wrapper\">\n<div class=\"brz-rich-text brz-rich-text__custom brz-css-njcQ8\" data-brz-custom-id=\"lmhjrijwhozxzxqtschuwzawsyalflzaidxc\">\n<div data-brz-translate-text=\"1\">\n<p class=\"brz-tp-lg-abovetitle brz-text-lg-right brz-text-xs-center brz-css-cE2Vs\" data-generated-css=\"brz-css-rvusq\" data-uniq-id=\"hmkks\"><strong class=\"brz-cp-color7\">\u00cen curs de dezvoltare<\/strong><\/p>\n<\/div>\n<\/div>\n<\/div>\n<\/div>\n<\/div>\n<\/div>\n<\/div>\n<div class=\"brz-row__container brz-css-dE5lt\" data-brz-custom-id=\"wcjjtltcpnwfyhalvjeqptuhjlfdnwjrvfih\">\n<div class=\"brz-bg\"><\/div>\n<div class=\"brz-row brz-css-tSkX5 brz-css-xslaB\">\n<div class=\"brz-columns brz-css-tiRYX brz-css-c1fLD\" data-brz-custom-id=\"fcwnoljnmczijjhbklzrupmacorrotvyobie\">\n<div class=\"brz-bg\"><\/div>\n<div class=\"brz-column__items brz-css-nozmK brz-css-fUGZD\">\n<div id=\"\" class=\"brz-css-oCm7g brz-wrapper\">\n<div class=\"brz-image brz-css-i4aP2 brz-css-jPBJl\" data-brz-custom-id=\"sjadtiabiltxblmymveapidkuxtulhavvzkc\"><img decoding=\"async\" class=\"brz-img\" src=\"https:\/\/acm4.ro\/wp-content\/uploads\/brizy\/imgs\/randare-Lauder-07-740x409x180x0x380x409x1680080039.jpg\" alt=\"\" loading=\"lazy\"><\/div>\n<\/div>\n<\/div>\n<\/div>\n<div class=\"brz-columns brz-css-tiRYX brz-css-sXSWs\" data-brz-custom-id=\"qhlkstyorenpoacdgvalyvuqdpmqasjazyrq\">\n<div class=\"brz-column__items brz-css-nozmK brz-css-u7Cd1\">\n<div id=\"\" class=\"brz-css-oCm7g brz-wrapper\">\n<div class=\"brz-video brz-custom-video brz-video-off-controls-hidden brz-css-l3RUV\" data-brz-custom-id=\"bqrudtgqykbgihpkftgrehfqjzrquilxmsha\">\n<div class=\"brz-video-content\" data-loop=\"true\" data-muted=\"false\" data-autoplay=\"on\">\n<div class=\"video-wrapper brz-image-fix-16-9\">\n<div class=\"brz-shortcode__placeholder\"><\/div>\n<\/div>\n<div class=\"brz-video-elem\"><video data-time-start=\"0\" data-time-end=\"0\" class=\"brz-hidden intrinsic-ignore\" preload=\"none\" loop=\"\" muted=\"\" data-autoplay=\"on\" src=\"https:\/\/acm4.ro\/wp-content\/uploads\/2023\/03\/Lauder-Slide.mp4\" playsinline=\"\"><\/video><\/div>\n<\/div>\n<\/div>\n<\/div>\n<\/div>\n<\/div>\n<\/div>\n<\/div>\n<div class=\"brz-row__container brz-css-dE5lt\" data-brz-custom-id=\"adychhwnvifwhfvhyikkjswilkdfqxsibckk\">\n<div class=\"brz-bg\"><\/div>\n<div class=\"brz-row brz-css-tSkX5 brz-css-xslaB\">\n<div class=\"brz-columns brz-css-tiRYX brz-css-zfOUy\" data-brz-custom-id=\"wbvvxhpbqtpcexupjyfocusveerqtpnppsyf\">\n<div class=\"brz-column__items brz-css-nozmK brz-css-m5Rvo\">\n<div id=\"\" class=\"brz-css-oCm7g brz-wrapper\">\n<div class=\"brz-image brz-css-nQWFS brz-css-zNDsO\" data-brz-custom-id=\"xabsvjwlezwsphvhoeetigijqofitluvakto\"><img decoding=\"async\" class=\"brz-img\" src=\"https:\/\/acm4.ro\/wp-content\/uploads\/brizy\/imgs\/randare-Lauder-35-731x404x0x40x731x323x1680080219.jpg\" alt=\"\" loading=\"lazy\"><\/div>\n<\/div>\n<\/div>\n<\/div>\n<div class=\"brz-columns brz-css-tiRYX brz-css-p8fPU\" data-brz-custom-id=\"hmkvrnqxvzhxxxymwjidgvbpauqskeefadzm\">\n<div class=\"brz-column__items brz-css-nozmK brz-css-mHngw\">\n<div id=\"\" class=\"brz-css-oCm7g brz-wrapper\">\n<div class=\"brz-image brz-css-gZ2_h brz-css-jCPs6\" data-brz-custom-id=\"iovekqmluyxhcomhfekzigbbtbbsmmerxorj\"><img decoding=\"async\" class=\"brz-img\" src=\"https:\/\/acm4.ro\/wp-content\/uploads\/brizy\/imgs\/randare-Lauder-57-589x325x105x0x380x325x1680080067.jpg\" alt=\"\" loading=\"lazy\"><\/div>\n<\/div>\n<\/div>\n<\/div>\n<\/div>\n<\/div>\n<\/div>\n<\/div>\n<\/section>\n<section id=\"_lpeytgcodljmiflxwokufayngrlapefwtmav\" class=\"brz-section brz-css-o0gH6\">\n<div class=\"brz-section__content brz-section--boxed brz-css-alcwC brz-css-wxAIV\" data-brz-custom-id=\"zmeavdhxmvvevpildognfmilvdibsdxdgzxo\">\n<div class=\"brz-container brz-css-y26Yd\">\n<div class=\"brz-row__container brz-css-dE5lt\" data-brz-custom-id=\"nyfhzmrvjblpbgzddjvzbhdidbhbldwkrdik\">\n<div class=\"brz-bg\"><\/div>\n<div class=\"brz-row brz-css-tSkX5 brz-css-xslaB\">\n<div class=\"brz-columns brz-css-tiRYX\" data-brz-custom-id=\"cjmqaqfbzhdowasyyprszxtbwvtcxgnnbgpy\">\n<div class=\"brz-bg\"><\/div>\n<div class=\"brz-column__items brz-css-nozmK brz-css-vas7j\">\n<div id=\"\" class=\"brz-css-oCm7g brz-wrapper\">\n<div class=\"brz-image brz-css-qrwQK brz-css-gtDHr\" data-brz-custom-id=\"ectoytfvonxnwxutjbzpahwmiirlepprbdbl\"><img decoding=\"async\" class=\"brz-img\" src=\"https:\/\/acm4.ro\/wp-content\/uploads\/brizy\/imgs\/Lauder-2023-04-04-at-12.37.27-1-470x550x0x40x470x470x1680814312.jpeg\" alt=\"\" loading=\"lazy\"><\/div>\n<\/div>\n<div id=\"\" class=\"brz-css-oCm7g brz-css-lsPCz brz-css-h9nUS brz-wrapper\">\n<div class=\"brz-spacer brz-css-hKbgn brz-css-mlPGn\"><\/div>\n<\/div>\n<div id=\"\" class=\"brz-css-oCm7g brz-css-lsPCz brz-wrapper\">\n<div class=\"brz-spacer brz-css-hKbgn brz-css-hr6ct\"><\/div>\n<\/div>\n<\/div>\n<\/div>\n<div class=\"brz-columns brz-css-tiRYX brz-css-nXaq3\" data-brz-custom-id=\"wdybnxbayxhtnabfmrbhnbbjqwwufwfhvxau\">\n<div class=\"brz-bg\"><\/div>\n<div class=\"brz-column__items brz-css-nozmK brz-css-f1RNj\">\n<div id=\"\" class=\"brz-css-oCm7g brz-wrapper\">\n<div class=\"brz-image brz-css-dFCCi brz-css-u56vp\" data-brz-custom-id=\"glqaomristmlrlevydrispddhcffqjpqrnkt\"><img decoding=\"async\" class=\"brz-img\" src=\"https:\/\/acm4.ro\/wp-content\/uploads\/brizy\/imgs\/Lauder-2023-04-04-at-12.37.27-482x470x6x0x470x470x1680814220.jpeg\" alt=\"\" loading=\"lazy\"><\/div>\n<\/div>\n<div id=\"\" class=\"brz-css-oCm7g brz-css-lsPCz brz-css-dc9at brz-wrapper\">\n<div class=\"brz-spacer brz-css-hKbgn brz-css-if1gv\"><\/div>\n<\/div>\n<\/div>\n<\/div>\n<\/div>\n<\/div>\n<\/div>\n<\/div>\n<\/section>\n<\/div>\n<p>    <!-- version:1727860985 --><\/p>","protected":false},"excerpt":{"rendered":"<p>Proiecte \u00een derulare Home \/ Servicii \/ Dezvolt\u0103ri Imobiliare \/ Proiecte \u00een derulare Didesti \u00cen curs de dezvoltare SOLICIT\u0102 O OFERT\u0102 Lauder \u00cen curs de dezvoltare<\/p>","protected":false},"author":2,"featured_media":0,"parent":36,"menu_order":0,"comment_status":"closed","ping_status":"closed","template":"brizy-blank-template.php","meta":{"footnotes":""},"class_list":["post-5991","page","type-page","status-publish","hentry","wpbf-post"],"yoast_head":"<!-- This site is optimized with the Yoast SEO plugin v23.8 - https:\/\/yoast.com\/wordpress\/plugins\/seo\/ -->\n<title>Proiecte \u00een derulare - ACM4<\/title>\n<meta name=\"robots\" content=\"index, follow, max-snippet:-1, max-image-preview:large, max-video-preview:-1\" \/>\n<link rel=\"canonical\" href=\"https:\/\/acm4.ro\/en\/dezvoltari-imobiliare\/proiecte-in-derulare\/\" \/>\n<meta property=\"og:locale\" content=\"en_US\" \/>\n<meta property=\"og:type\" content=\"article\" \/>\n<meta property=\"og:title\" content=\"Proiecte \u00een derulare - ACM4\" \/>\n<meta property=\"og:description\" content=\"Proiecte \u00een derulare Home \/ Servicii \/ Dezvolt\u0103ri Imobiliare \/ Proiecte \u00een derulare Didesti \u00cen curs de dezvoltare SOLICIT\u0102 O OFERT\u0102 Lauder \u00cen curs de dezvoltare\" \/>\n<meta property=\"og:url\" content=\"https:\/\/acm4.ro\/en\/dezvoltari-imobiliare\/proiecte-in-derulare\/\" \/>\n<meta property=\"og:site_name\" content=\"ACM4\" \/>\n<meta property=\"article:modified_time\" content=\"2024-10-02T09:23:05+00:00\" \/>\n<meta property=\"og:image\" content=\"https:\/\/acm4.ro\/wp-content\/uploads\/brizy\/imgs\/WhatsApp-Image-2023-03-07-at-10.06.48-380x506x0x77x380x351x1680079820.jpeg\" \/>\n<meta name=\"twitter:card\" content=\"summary_large_image\" \/>\n<meta name=\"twitter:label1\" content=\"Est. reading time\" \/>\n\t<meta name=\"twitter:data1\" content=\"3 minutes\" \/>\n<script type=\"application\/ld+json\" class=\"yoast-schema-graph\">{\"@context\":\"https:\/\/schema.org\",\"@graph\":[{\"@type\":\"WebPage\",\"@id\":\"https:\/\/acm4.ro\/dezvoltari-imobiliare\/proiecte-in-derulare\/\",\"url\":\"https:\/\/acm4.ro\/dezvoltari-imobiliare\/proiecte-in-derulare\/\",\"name\":\"Proiecte \u00een derulare - ACM4\",\"isPartOf\":{\"@id\":\"https:\/\/acm4.ro\/#website\"},\"primaryImageOfPage\":{\"@id\":\"https:\/\/acm4.ro\/dezvoltari-imobiliare\/proiecte-in-derulare\/#primaryimage\"},\"image\":{\"@id\":\"https:\/\/acm4.ro\/dezvoltari-imobiliare\/proiecte-in-derulare\/#primaryimage\"},\"thumbnailUrl\":\"https:\/\/acm4.ro\/wp-content\/uploads\/brizy\/imgs\/WhatsApp-Image-2023-03-07-at-10.06.48-380x506x0x77x380x351x1680079820.jpeg\",\"datePublished\":\"2023-03-29T09:08:17+00:00\",\"dateModified\":\"2024-10-02T09:23:05+00:00\",\"breadcrumb\":{\"@id\":\"https:\/\/acm4.ro\/dezvoltari-imobiliare\/proiecte-in-derulare\/#breadcrumb\"},\"inLanguage\":\"en-US\",\"potentialAction\":[{\"@type\":\"ReadAction\",\"target\":[\"https:\/\/acm4.ro\/dezvoltari-imobiliare\/proiecte-in-derulare\/\"]}]},{\"@type\":\"ImageObject\",\"inLanguage\":\"en-US\",\"@id\":\"https:\/\/acm4.ro\/dezvoltari-imobiliare\/proiecte-in-derulare\/#primaryimage\",\"url\":\"https:\/\/acm4.ro\/wp-content\/uploads\/brizy\/imgs\/WhatsApp-Image-2023-03-07-at-10.06.48-380x506x0x77x380x351x1680079820.jpeg\",\"contentUrl\":\"https:\/\/acm4.ro\/wp-content\/uploads\/brizy\/imgs\/WhatsApp-Image-2023-03-07-at-10.06.48-380x506x0x77x380x351x1680079820.jpeg\"},{\"@type\":\"BreadcrumbList\",\"@id\":\"https:\/\/acm4.ro\/dezvoltari-imobiliare\/proiecte-in-derulare\/#breadcrumb\",\"itemListElement\":[{\"@type\":\"ListItem\",\"position\":1,\"name\":\"Home\",\"item\":\"https:\/\/acm4.ro\/\"},{\"@type\":\"ListItem\",\"position\":2,\"name\":\"Dezvolt\u0103ri imobiliare\",\"item\":\"https:\/\/acm4.ro\/dezvoltari-imobiliare\/\"},{\"@type\":\"ListItem\",\"position\":3,\"name\":\"Proiecte \u00een derulare\"}]},{\"@type\":\"WebSite\",\"@id\":\"https:\/\/acm4.ro\/#website\",\"url\":\"https:\/\/acm4.ro\/\",\"name\":\"ACM4\",\"description\":\"\",\"publisher\":{\"@id\":\"https:\/\/acm4.ro\/#organization\"},\"potentialAction\":[{\"@type\":\"SearchAction\",\"target\":{\"@type\":\"EntryPoint\",\"urlTemplate\":\"https:\/\/acm4.ro\/?s={search_term_string}\"},\"query-input\":{\"@type\":\"PropertyValueSpecification\",\"valueRequired\":true,\"valueName\":\"search_term_string\"}}],\"inLanguage\":\"en-US\"},{\"@type\":\"Organization\",\"@id\":\"https:\/\/acm4.ro\/#organization\",\"name\":\"SC Antrepriza Construc\u021bii Montaj Nr. 4\",\"url\":\"https:\/\/acm4.ro\/\",\"logo\":{\"@type\":\"ImageObject\",\"inLanguage\":\"en-US\",\"@id\":\"https:\/\/acm4.ro\/#\/schema\/logo\/image\/\",\"url\":\"https:\/\/acm4.ro\/wp-content\/uploads\/2022\/07\/acm4-logo-nou.png\",\"contentUrl\":\"https:\/\/acm4.ro\/wp-content\/uploads\/2022\/07\/acm4-logo-nou.png\",\"width\":1240,\"height\":404,\"caption\":\"SC Antrepriza Construc\u021bii Montaj Nr. 4\"},\"image\":{\"@id\":\"https:\/\/acm4.ro\/#\/schema\/logo\/image\/\"}}]}<\/script>\n<!-- \/ Yoast SEO plugin. -->","yoast_head_json":{"title":"Proiecte \u00een derulare - ACM4","robots":{"index":"index","follow":"follow","max-snippet":"max-snippet:-1","max-image-preview":"max-image-preview:large","max-video-preview":"max-video-preview:-1"},"canonical":"https:\/\/acm4.ro\/en\/dezvoltari-imobiliare\/proiecte-in-derulare\/","og_locale":"en_US","og_type":"article","og_title":"Proiecte \u00een derulare - ACM4","og_description":"Proiecte \u00een derulare Home \/ Servicii \/ Dezvolt\u0103ri Imobiliare \/ Proiecte \u00een derulare Didesti \u00cen curs de dezvoltare SOLICIT\u0102 O OFERT\u0102 Lauder \u00cen curs de dezvoltare","og_url":"https:\/\/acm4.ro\/en\/dezvoltari-imobiliare\/proiecte-in-derulare\/","og_site_name":"ACM4","article_modified_time":"2024-10-02T09:23:05+00:00","og_image":[{"url":"https:\/\/acm4.ro\/wp-content\/uploads\/brizy\/imgs\/WhatsApp-Image-2023-03-07-at-10.06.48-380x506x0x77x380x351x1680079820.jpeg"}],"twitter_card":"summary_large_image","twitter_misc":{"Est. reading time":"3 minutes"},"schema":{"@context":"https:\/\/schema.org","@graph":[{"@type":"WebPage","@id":"https:\/\/acm4.ro\/dezvoltari-imobiliare\/proiecte-in-derulare\/","url":"https:\/\/acm4.ro\/dezvoltari-imobiliare\/proiecte-in-derulare\/","name":"Proiecte \u00een derulare - ACM4","isPartOf":{"@id":"https:\/\/acm4.ro\/#website"},"primaryImageOfPage":{"@id":"https:\/\/acm4.ro\/dezvoltari-imobiliare\/proiecte-in-derulare\/#primaryimage"},"image":{"@id":"https:\/\/acm4.ro\/dezvoltari-imobiliare\/proiecte-in-derulare\/#primaryimage"},"thumbnailUrl":"https:\/\/acm4.ro\/wp-content\/uploads\/brizy\/imgs\/WhatsApp-Image-2023-03-07-at-10.06.48-380x506x0x77x380x351x1680079820.jpeg","datePublished":"2023-03-29T09:08:17+00:00","dateModified":"2024-10-02T09:23:05+00:00","breadcrumb":{"@id":"https:\/\/acm4.ro\/dezvoltari-imobiliare\/proiecte-in-derulare\/#breadcrumb"},"inLanguage":"en-US","potentialAction":[{"@type":"ReadAction","target":["https:\/\/acm4.ro\/dezvoltari-imobiliare\/proiecte-in-derulare\/"]}]},{"@type":"ImageObject","inLanguage":"en-US","@id":"https:\/\/acm4.ro\/dezvoltari-imobiliare\/proiecte-in-derulare\/#primaryimage","url":"https:\/\/acm4.ro\/wp-content\/uploads\/brizy\/imgs\/WhatsApp-Image-2023-03-07-at-10.06.48-380x506x0x77x380x351x1680079820.jpeg","contentUrl":"https:\/\/acm4.ro\/wp-content\/uploads\/brizy\/imgs\/WhatsApp-Image-2023-03-07-at-10.06.48-380x506x0x77x380x351x1680079820.jpeg"},{"@type":"BreadcrumbList","@id":"https:\/\/acm4.ro\/dezvoltari-imobiliare\/proiecte-in-derulare\/#breadcrumb","itemListElement":[{"@type":"ListItem","position":1,"name":"Home","item":"https:\/\/acm4.ro\/"},{"@type":"ListItem","position":2,"name":"Dezvolt\u0103ri imobiliare","item":"https:\/\/acm4.ro\/dezvoltari-imobiliare\/"},{"@type":"ListItem","position":3,"name":"Proiecte \u00een derulare"}]},{"@type":"WebSite","@id":"https:\/\/acm4.ro\/#website","url":"https:\/\/acm4.ro\/","name":"ACM4","description":"","publisher":{"@id":"https:\/\/acm4.ro\/#organization"},"potentialAction":[{"@type":"SearchAction","target":{"@type":"EntryPoint","urlTemplate":"https:\/\/acm4.ro\/?s={search_term_string}"},"query-input":{"@type":"PropertyValueSpecification","valueRequired":true,"valueName":"search_term_string"}}],"inLanguage":"en-US"},{"@type":"Organization","@id":"https:\/\/acm4.ro\/#organization","name":"SC Antrepriza Construc\u021bii Montaj Nr. 4","url":"https:\/\/acm4.ro\/","logo":{"@type":"ImageObject","inLanguage":"en-US","@id":"https:\/\/acm4.ro\/#\/schema\/logo\/image\/","url":"https:\/\/acm4.ro\/wp-content\/uploads\/2022\/07\/acm4-logo-nou.png","contentUrl":"https:\/\/acm4.ro\/wp-content\/uploads\/2022\/07\/acm4-logo-nou.png","width":1240,"height":404,"caption":"SC Antrepriza Construc\u021bii Montaj Nr. 4"},"image":{"@id":"https:\/\/acm4.ro\/#\/schema\/logo\/image\/"}}]}},"_links":{"self":[{"href":"https:\/\/acm4.ro\/en\/wp-json\/wp\/v2\/pages\/5991","targetHints":{"allow":["GET"]}}],"collection":[{"href":"https:\/\/acm4.ro\/en\/wp-json\/wp\/v2\/pages"}],"about":[{"href":"https:\/\/acm4.ro\/en\/wp-json\/wp\/v2\/types\/page"}],"author":[{"embeddable":true,"href":"https:\/\/acm4.ro\/en\/wp-json\/wp\/v2\/users\/2"}],"replies":[{"embeddable":true,"href":"https:\/\/acm4.ro\/en\/wp-json\/wp\/v2\/comments?post=5991"}],"version-history":[{"count":18,"href":"https:\/\/acm4.ro\/en\/wp-json\/wp\/v2\/pages\/5991\/revisions"}],"predecessor-version":[{"id":6797,"href":"https:\/\/acm4.ro\/en\/wp-json\/wp\/v2\/pages\/5991\/revisions\/6797"}],"up":[{"embeddable":true,"href":"https:\/\/acm4.ro\/en\/wp-json\/wp\/v2\/pages\/36"}],"wp:attachment":[{"href":"https:\/\/acm4.ro\/en\/wp-json\/wp\/v2\/media?parent=5991"}],"curies":[{"name":"wp","href":"https:\/\/api.w.org\/{rel}","templated":true}]}}